{"id":4230,"date":"2026-03-27T12:45:29","date_gmt":"2026-03-27T11:45:29","guid":{"rendered":"https:\/\/gmpbridge.com\/impressum\/"},"modified":"2026-04-02T15:34:14","modified_gmt":"2026-04-02T14:34:14","slug":"impressum","status":"publish","type":"page","link":"https:\/\/gmpbridge.com\/de\/impressum\/","title":{"rendered":"Impressum"},"content":{"rendered":"<style>.elementor-4230 .elementor-element.elementor-element-83f9315 > .elementor-container{max-width:1170px;}.elementor-4230 .elementor-element.elementor-element-83f9315{padding:100px 0px 100px 0px;}.elementor-4230 .elementor-element.elementor-element-3fba554b > .elementor-container{max-width:1170px;}.elementor-bc-flex-widget .elementor-4230 .elementor-element.elementor-element-5a35f4dc.elementor-column .elementor-widget-wrap{align-items:center;}.elementor-4230 .elementor-element.elementor-element-5a35f4dc.elementor-column.elementor-element[data-element_type=\"column\"] > .elementor-widget-wrap.elementor-element-populated{align-content:center;align-items:center;}.elementor-4230 .elementor-element.elementor-element-8a48bec .jeg-elementor-kit.jkit-heading .heading-section-description{max-width:50%;color:var( --e-global-color-7ae8ce7 );font-family:var( --e-global-typography-text-font-family ), Sans-serif;font-size:var( --e-global-typography-text-font-size );font-weight:var( --e-global-typography-text-font-weight );line-height:var( --e-global-typography-text-line-height );}.elementor-4230 .elementor-element.elementor-element-8a48bec .jeg-elementor-kit.jkit-heading{text-align:center;}.elementor-4230 .elementor-element.elementor-element-8a48bec .jeg-elementor-kit.jkit-heading .heading-title{font-family:var( --e-global-typography-primary-font-family ), Sans-serif;font-size:var( --e-global-typography-primary-font-size );font-weight:var( --e-global-typography-primary-font-weight );line-height:var( --e-global-typography-primary-line-height );color:var( --e-global-color-accent );}.elementor-4230 .elementor-element.elementor-element-8a48bec .jeg-elementor-kit.jkit-heading .heading-section-title{margin:20px 0px 20px 0px;}.elementor-4230 .elementor-element.elementor-element-8a48bec .jeg-elementor-kit.jkit-heading .heading-section-subtitle{color:var( --e-global-color-primary );font-family:var( --e-global-typography-secondary-font-family ), Sans-serif;font-size:var( --e-global-typography-secondary-font-size );font-weight:var( --e-global-typography-secondary-font-weight );line-height:var( --e-global-typography-secondary-line-height );}.elementor-4230 .elementor-element.elementor-element-8a48bec > .elementor-widget-container{margin:0px 0px 20px 0px;}.elementor-4230 .elementor-element.elementor-element-449b2286:not(.elementor-motion-effects-element-type-background), .elementor-4230 .elementor-element.elementor-element-449b2286 > .elementor-motion-effects-container > .elementor-motion-effects-layer{background-color:var( --e-global-color-text );}.elementor-4230 .elementor-element.elementor-element-449b2286{transition:background 0.3s, border 0.3s, border-radius 0.3s, box-shadow 0.3s;margin-top:0px;margin-bottom:0px;padding:80px 0px 80px 0px;}.elementor-4230 .elementor-element.elementor-element-449b2286 > .elementor-background-overlay{transition:background 0.3s, border-radius 0.3s, opacity 0.3s;}.elementor-4230 .elementor-element.elementor-element-308e3b83 .jeg-elementor-kit.jkit-button{text-align:center;}.elementor-4230 .elementor-element.elementor-element-308e3b83 .jeg-elementor-kit.jkit-button .jkit-button-wrapper{padding:18px 32px 18px 32px;font-family:var( --e-global-typography-30bf383-font-family ), Sans-serif;font-size:var( --e-global-typography-30bf383-font-size );font-weight:var( --e-global-typography-30bf383-font-weight );text-transform:var( --e-global-typography-30bf383-text-transform );line-height:var( --e-global-typography-30bf383-line-height );letter-spacing:var( --e-global-typography-30bf383-letter-spacing );word-spacing:var( --e-global-typography-30bf383-word-spacing );color:#FFFFFF;background-color:var( --e-global-color-primary );border-radius:0px 0px 0px 0px;}.elementor-4230 .elementor-element.elementor-element-308e3b83 .jeg-elementor-kit.jkit-button .jkit-button-wrapper svg{fill:#FFFFFF;}.elementor-4230 .elementor-element.elementor-element-308e3b83 .jeg-elementor-kit.jkit-button .jkit-button-wrapper:not(.hover-gradient):hover, .elementor-4230 .elementor-element.elementor-element-308e3b83 .jeg-elementor-kit.jkit-button .jkit-button-wrapper.hover-gradient:before{background-color:var( --e-global-color-2be9552 );}.elementor-4230 .elementor-element.elementor-element-308e3b83 .jeg-elementor-kit.jkit-button .jkit-button-wrapper:hover{border-radius:0px 0px 0px 0px;}.elementor-4230 .elementor-element.elementor-element-308e3b83 .jeg-elementor-kit.jkit-button.icon-position-before .jkit-button-wrapper i, .elementor-4230 .elementor-element.elementor-element-308e3b83 .jeg-elementor-kit.jkit-button.icon-position-before .jkit-button-wrapper svg{margin-right:5px;}.elementor-4230 .elementor-element.elementor-element-308e3b83 .jeg-elementor-kit.jkit-button.icon-position-after .jkit-button-wrapper i, .elementor-4230 .elementor-element.elementor-element-308e3b83 .jeg-elementor-kit.jkit-button.icon-position-after .jkit-button-wrapper svg{margin-left:5px;}@media(max-width:1024px) and (min-width:768px){.elementor-4230 .elementor-element.elementor-element-490d0a5d{width:100%;}}@media(max-width:1024px){.elementor-4230 .elementor-element.elementor-element-83f9315{padding:80px 0px 80px 0px;}.elementor-4230 .elementor-element.elementor-element-8a48bec .jeg-elementor-kit.jkit-heading .heading-section-description{max-width:70%;font-size:var( --e-global-typography-text-font-size );line-height:var( --e-global-typography-text-line-height );}.elementor-4230 .elementor-element.elementor-element-8a48bec .jeg-elementor-kit.jkit-heading .heading-title{font-size:var( --e-global-typography-primary-font-size );line-height:var( --e-global-typography-primary-line-height );}.elementor-4230 .elementor-element.elementor-element-8a48bec .jeg-elementor-kit.jkit-heading .heading-section-subtitle{font-size:var( --e-global-typography-secondary-font-size );line-height:var( --e-global-typography-secondary-line-height );}.elementor-4230 .elementor-element.elementor-element-308e3b83 .jeg-elementor-kit.jkit-button .jkit-button-wrapper{font-size:var( --e-global-typography-30bf383-font-size );line-height:var( --e-global-typography-30bf383-line-height );letter-spacing:var( --e-global-typography-30bf383-letter-spacing );word-spacing:var( --e-global-typography-30bf383-word-spacing );}}@media(max-width:767px){.elementor-4230 .elementor-element.elementor-element-83f9315{padding:50px 0px 50px 0px;}.elementor-4230 .elementor-element.elementor-element-8a48bec .jeg-elementor-kit.jkit-heading .heading-section-description{max-width:95%;font-size:var( --e-global-typography-text-font-size );line-height:var( --e-global-typography-text-line-height );}.elementor-4230 .elementor-element.elementor-element-8a48bec .jeg-elementor-kit.jkit-heading .heading-title{font-size:var( --e-global-typography-primary-font-size );line-height:var( --e-global-typography-primary-line-height );}.elementor-4230 .elementor-element.elementor-element-8a48bec .jeg-elementor-kit.jkit-heading .heading-section-subtitle{font-size:var( --e-global-typography-secondary-font-size );line-height:var( --e-global-typography-secondary-line-height );}.elementor-4230 .elementor-element.elementor-element-449b2286{margin-top:0px;margin-bottom:0px;padding:50px 0px 50px 0px;}.elementor-4230 .elementor-element.elementor-element-490d0a5d{width:100%;}.elementor-4230 .elementor-element.elementor-element-490d0a5d > .elementor-element-populated{margin:0px 0px 0px 0px;--e-column-margin-right:0px;--e-column-margin-left:0px;padding:0px 0px 0px 0px;}.elementor-4230 .elementor-element.elementor-element-308e3b83 .jeg-elementor-kit.jkit-button .jkit-button-wrapper{font-size:var( --e-global-typography-30bf383-font-size );line-height:var( --e-global-typography-30bf383-line-height );letter-spacing:var( --e-global-typography-30bf383-letter-spacing );word-spacing:var( --e-global-typography-30bf383-word-spacing );}}<\/style>\t\t<div data-elementor-type=\"wp-page\" data-elementor-id=\"4230\" class=\"elementor elementor-4230 elementor-2571\" data-elementor-post-type=\"page\">\n\t\t\t\t\t\t<section class=\"elementor-section elementor-top-section elementor-element elementor-element-83f9315 elementor-section-boxed elementor-section-height-default elementor-section-height-default\" data-id=\"83f9315\" data-element_type=\"section\" data-e-type=\"section\">\n\t\t\t\t\t\t<div class=\"elementor-container elementor-column-gap-no\">\n\t\t\t\t\t<div class=\"elementor-column elementor-col-100 elementor-top-column elementor-element elementor-element-7b2ca47\" data-id=\"7b2ca47\" data-element_type=\"column\" data-e-type=\"column\">\n\t\t\t<div class=\"elementor-widget-wrap elementor-element-populated\">\n\t\t\t\t\t\t<section class=\"elementor-section elementor-inner-section elementor-element elementor-element-3fba554b elementor-section-boxed elementor-section-height-default elementor-section-height-default\" data-id=\"3fba554b\" data-element_type=\"section\" data-e-type=\"section\">\n\t\t\t\t\t\t<div class=\"elementor-container elementor-column-gap-no\">\n\t\t\t\t\t<div class=\"elementor-column elementor-col-100 elementor-inner-column elementor-element elementor-element-5a35f4dc\" data-id=\"5a35f4dc\" data-element_type=\"column\" data-e-type=\"column\">\n\t\t\t<div class=\"elementor-widget-wrap elementor-element-populated\">\n\t\t\t\t\t\t<div class=\"elementor-element elementor-element-8a48bec elementor-invisible elementor-widget elementor-widget-jkit_heading\" data-id=\"8a48bec\" data-element_type=\"widget\" data-e-type=\"widget\" data-settings=\"{&quot;_animation&quot;:&quot;fadeInDown&quot;}\" data-widget_type=\"jkit_heading.default\">\n\t\t\t\t<div class=\"elementor-widget-container\">\n\t\t\t\t\t<div  class=\"jeg-elementor-kit jkit-heading  align-center align-tablet- align-mobile- jeg_module___69e782d6b8360\" ><div class=\"heading-section-title  display-inline-block\"><h1 class=\"heading-title\">Impressum<\/h1><\/div><div class=\"heading-section-description\"><h2 class=\"p1\"><b>Anbieter<\/b><\/h2>\n<p class=\"p1\">GMP Bridge AG<br \/>c\/o Schweizerische Treuhandgesellschaft AG<br \/>Lange Gasse 15<br \/>4052 Basel<br \/>Schweiz<\/p>\n<p class=\"p1\">Phone: +49 1749575861<br \/>Email: <a href=\"mailto:contact@gmpbridge.com\"><span class=\"s1\">contact@gmpbridge.com<\/span><\/a><\/p>\n<p class=\"p2\">\n<h3 class=\"p1\"><b>Unternehmensinformationen<\/b><\/h3>\n<p class=\"p1\">Unternehmensform: Aktiengesellschaft<br \/>Sitz: Basel, Switzerland<\/p>\n<p class=\"p1\">Eingetragen im Handelsregister des Kantons Basel-Stadt<br \/>UID: CHE-460.337.675<\/p>\n<p class=\"p1\">Vertretungsberechtigte Person:<br \/>Felipe Fontanet<\/p>\n<p class=\"p2\">\n<h3 class=\"p1\"><b>Geltungsbereich<\/b><\/h3>\n<p class=\"p1\">Dieses Impressum gilt auch f\u00fcr folgende Onlinepr\u00e4senzen:<br \/>https:\/\/www.linkedin.com\/company\/gmp-bridge\/<\/p>\n<ul class=\"ul1\">\n<li class=\"li3\"><span class=\"s2\"><a href=\"https:\/\/www.linkedin.com\/company\/gmp-bridge\/\" target=\"_blank\" rel=\"noopener\">https:\/\/www.linkedin.com\/company\/gmp-bridge\/<\/a><\/span><\/li>\n<\/ul>\n<p class=\"p2\">\n<h3 class=\"p1\"><b>Haftungsausschluss<\/b><\/h3>\n<p class=\"p1\">Die Inhalte unserer Website wurden mit gr\u00f6sster Sorgfalt erstellt. F\u00fcr die Richtigkeit, Vollst\u00e4ndigkeit und Aktualit\u00e4t der Inhalte \u00fcbernehmen wir jedoch keine Gew\u00e4hr.<br \/>Die Nutzung der Inhalte der Website erfolgt auf eigene Gefahr. Beitr\u00e4ge geben die Meinung der jeweiligen Autorinnen und Autoren wieder. <\/p>\n<p class=\"p1\">Die Nutzung der Inhalte der Website erfolgt auf eigene Gefahr. Beitr\u00e4ge geben die Meinung der jeweiligen Autorinnen und Autoren wieder. <\/p>\n<p class=\"p2\">\n<h3 class=\"p1\"><b>Haftung f\u00fcr Links<\/b><\/h3>\n<p class=\"p1\">Unsere Website enth\u00e4lt Links zu externen Websites Dritter. Auf deren Inhalte haben wir keinen Einfluss. F\u00fcr diese fremden Inhalte \u00fcbernehmen wir keine Gew\u00e4hr. F\u00fcr die Inhalte der verlinkten Seiten ist stets der jeweilige Anbieter oder Betreiber verantwortlich.  <\/p>\n<p class=\"p2\">\n<h3 class=\"p1\"><b>Urheberrechte<\/b><\/h3>\n<p class=\"p1\">Die auf dieser Website ver\u00f6ffentlichten Inhalte (Texte, Bilder, Grafiken, Marken etc.) sind urheberrechtlich gesch\u00fctzt. Jede Verwendung ausserhalb der Grenzen des Urheberrechts bedarf der vorherigen schriftlichen Zustimmung der Rechteinhaber. <\/p>\n<p class=\"p2\">\n<h3 class=\"p1\"><b>Hinweis auf Rechtsverletzungen<\/b><\/h3>\n<p class=\"p1\">Sollten Sie auf Rechtsverletzungen auf unserer Website aufmerksam werden, bitten wir um entsprechenden Hinweis. Wir werden derartige Inhalte umgehend entfernen. <\/p>\n<p class=\"p2\">\n<h3 class=\"p1\"><b>Vorbehalt f\u00fcr Text- und Data-Mining<\/b><\/h3>\n<p class=\"p1\">Die Verwendung der Inhalte dieser Website f\u00fcr Text- und Data-Mining (insbesondere f\u00fcr die Entwicklung, das Training oder den Betrieb von KI-Systemen) ist ohne unsere ausdr\u00fcckliche schriftliche Zustimmung untersagt.<\/p>\n<p class=\"p2\">\n<h3 class=\"p1\"><b>Bildnachweise<\/b><\/h3>\n<p class=\"p1\">Die verwendeten Bilder stammen von:<\/p>\n<p><strong>GMP Bridge AG<\/strong><\/p>\n<p><strong>Felipe Fontanet<\/strong><\/p>\n<p><!-- \/wp:paragraph --><\/p>\n<\/div><\/div>\t\t\t\t<\/div>\n\t\t\t\t<\/div>\n\t\t\t\t\t<\/div>\n\t\t<\/div>\n\t\t\t\t\t<\/div>\n\t\t<\/section>\n\t\t\t\t\t<\/div>\n\t\t<\/div>\n\t\t\t\t\t<\/div>\n\t\t<\/section>\n\t\t\t\t<section class=\"elementor-section elementor-top-section elementor-element elementor-element-449b2286 elementor-section-boxed elementor-section-height-default elementor-section-height-default\" data-id=\"449b2286\" data-element_type=\"section\" data-e-type=\"section\" data-settings=\"{&quot;background_background&quot;:&quot;classic&quot;}\">\n\t\t\t\t\t\t<div class=\"elementor-container elementor-column-gap-default\">\n\t\t\t\t\t<div class=\"elementor-column elementor-col-100 elementor-top-column elementor-element elementor-element-490d0a5d elementor-invisible\" data-id=\"490d0a5d\" data-element_type=\"column\" data-e-type=\"column\" data-settings=\"{&quot;animation&quot;:&quot;fadeInUp&quot;,&quot;animation_delay&quot;:&quot;100&quot;}\">\n\t\t\t<div class=\"elementor-widget-wrap elementor-element-populated\">\n\t\t\t\t\t\t<div class=\"elementor-element elementor-element-308e3b83 elementor-widget elementor-widget-jkit_button\" data-id=\"308e3b83\" data-element_type=\"widget\" data-e-type=\"widget\" data-widget_type=\"jkit_button.default\">\n\t\t\t\t<div class=\"elementor-widget-container\">\n\t\t\t\t\t<div  class=\"jeg-elementor-kit jkit-button  icon-position-before jeg_module__1_69e782d6b9b88\" ><a href=\"https:\/\/gmpbridge.com\/de\/\" class=\"jkit-button-wrapper\">Zur Startseite<\/a><\/div>\t\t\t\t<\/div>\n\t\t\t\t<\/div>\n\t\t\t\t\t<\/div>\n\t\t<\/div>\n\t\t\t\t\t<\/div>\n\t\t<\/section>\n\t\t\t\t<\/div>\n\t\t","protected":false},"excerpt":{"rendered":"<p>Impressum Anbieter GMP Bridge AGc\/o Schweizerische Treuhandgesellschaft AGLange Gasse 154052 BaselSchweiz Phone: +49 1749575861Email: contact@gmpbridge.com Unternehmensinformationen Unternehmensform: AktiengesellschaftSitz: Basel, Switzerland Eingetragen im Handelsregister des Kantons Basel-StadtUID: CHE-460.337.675 Vertretungsberechtigte Person:Felipe Fontanet Geltungsbereich Dieses Impressum gilt auch f\u00fcr folgende Onlinepr\u00e4senzen:https:\/\/www.linkedin.com\/company\/gmp-bridge\/ https:\/\/www.linkedin.com\/company\/gmp-bridge\/ Haftungsausschluss Die Inhalte unserer Website wurden mit gr\u00f6sster Sorgfalt erstellt. F\u00fcr die Richtigkeit, Vollst\u00e4ndigkeit und Aktualit\u00e4t [&hellip;]<\/p>\n","protected":false},"author":3,"featured_media":0,"parent":0,"menu_order":0,"comment_status":"closed","ping_status":"closed","template":"elementor_header_footer","meta":{"footnotes":""},"class_list":["post-4230","page","type-page","status-publish","hentry"],"_links":{"self":[{"href":"https:\/\/gmpbridge.com\/de\/wp-json\/wp\/v2\/pages\/4230","targetHints":{"allow":["GET"]}}],"collection":[{"href":"https:\/\/gmpbridge.com\/de\/wp-json\/wp\/v2\/pages"}],"about":[{"href":"https:\/\/gmpbridge.com\/de\/wp-json\/wp\/v2\/types\/page"}],"author":[{"embeddable":true,"href":"https:\/\/gmpbridge.com\/de\/wp-json\/wp\/v2\/users\/3"}],"replies":[{"embeddable":true,"href":"https:\/\/gmpbridge.com\/de\/wp-json\/wp\/v2\/comments?post=4230"}],"version-history":[{"count":1,"href":"https:\/\/gmpbridge.com\/de\/wp-json\/wp\/v2\/pages\/4230\/revisions"}],"predecessor-version":[{"id":4231,"href":"https:\/\/gmpbridge.com\/de\/wp-json\/wp\/v2\/pages\/4230\/revisions\/4231"}],"wp:attachment":[{"href":"https:\/\/gmpbridge.com\/de\/wp-json\/wp\/v2\/media?parent=4230"}],"curies":[{"name":"wp","href":"https:\/\/api.w.org\/{rel}","templated":true}]}}