{"id":4232,"date":"2026-03-27T12:47:49","date_gmt":"2026-03-27T11:47:49","guid":{"rendered":"https:\/\/gmpbridge.com\/datenschutzerklaerung\/"},"modified":"2026-04-02T16:23:51","modified_gmt":"2026-04-02T15:23:51","slug":"datenschutzerklaerung","status":"publish","type":"page","link":"https:\/\/gmpbridge.com\/de\/datenschutzerklaerung\/","title":{"rendered":"Datenschutzerkl\u00e4rung"},"content":{"rendered":"<style>.elementor-4232 .elementor-element.elementor-element-7bf749ff > .elementor-container{max-width:1170px;}.elementor-4232 .elementor-element.elementor-element-7bf749ff{padding:100px 0px 100px 0px;}.elementor-4232 .elementor-element.elementor-element-3077bb30 > .elementor-container{max-width:1170px;}.elementor-bc-flex-widget .elementor-4232 .elementor-element.elementor-element-240efa1.elementor-column .elementor-widget-wrap{align-items:center;}.elementor-4232 .elementor-element.elementor-element-240efa1.elementor-column.elementor-element[data-element_type=\"column\"] > .elementor-widget-wrap.elementor-element-populated{align-content:center;align-items:center;}.elementor-4232 .elementor-element.elementor-element-28fea484 .jeg-elementor-kit.jkit-heading .heading-section-description{max-width:50%;color:var( --e-global-color-7ae8ce7 );font-family:var( --e-global-typography-text-font-family ), Sans-serif;font-size:var( --e-global-typography-text-font-size );font-weight:var( --e-global-typography-text-font-weight );line-height:var( --e-global-typography-text-line-height );}.elementor-4232 .elementor-element.elementor-element-28fea484 .jeg-elementor-kit.jkit-heading{text-align:center;}.elementor-4232 .elementor-element.elementor-element-28fea484 .jeg-elementor-kit.jkit-heading .heading-title{font-family:var( --e-global-typography-primary-font-family ), Sans-serif;font-size:var( --e-global-typography-primary-font-size );font-weight:var( --e-global-typography-primary-font-weight );line-height:var( --e-global-typography-primary-line-height );color:var( --e-global-color-accent );}.elementor-4232 .elementor-element.elementor-element-28fea484 .jeg-elementor-kit.jkit-heading .heading-section-title{margin:20px 0px 20px 0px;}.elementor-4232 .elementor-element.elementor-element-28fea484 .jeg-elementor-kit.jkit-heading .heading-section-subtitle{color:var( --e-global-color-primary );font-family:var( --e-global-typography-secondary-font-family ), Sans-serif;font-size:var( --e-global-typography-secondary-font-size );font-weight:var( --e-global-typography-secondary-font-weight );line-height:var( --e-global-typography-secondary-line-height );}.elementor-4232 .elementor-element.elementor-element-28fea484 > .elementor-widget-container{margin:0px 0px 20px 0px;}.elementor-4232 .elementor-element.elementor-element-aefc612{text-align:start;}.elementor-4232 .elementor-element.elementor-element-75d567be:not(.elementor-motion-effects-element-type-background), .elementor-4232 .elementor-element.elementor-element-75d567be > .elementor-motion-effects-container > .elementor-motion-effects-layer{background-color:var( --e-global-color-text );}.elementor-4232 .elementor-element.elementor-element-75d567be{transition:background 0.3s, border 0.3s, border-radius 0.3s, box-shadow 0.3s;margin-top:0px;margin-bottom:0px;padding:80px 0px 80px 0px;}.elementor-4232 .elementor-element.elementor-element-75d567be > .elementor-background-overlay{transition:background 0.3s, border-radius 0.3s, opacity 0.3s;}.elementor-4232 .elementor-element.elementor-element-1154674b .jeg-elementor-kit.jkit-button{text-align:center;}.elementor-4232 .elementor-element.elementor-element-1154674b .jeg-elementor-kit.jkit-button .jkit-button-wrapper{padding:18px 32px 18px 32px;font-family:var( --e-global-typography-30bf383-font-family ), Sans-serif;font-size:var( --e-global-typography-30bf383-font-size );font-weight:var( --e-global-typography-30bf383-font-weight );text-transform:var( --e-global-typography-30bf383-text-transform );line-height:var( --e-global-typography-30bf383-line-height );letter-spacing:var( --e-global-typography-30bf383-letter-spacing );word-spacing:var( --e-global-typography-30bf383-word-spacing );color:#FFFFFF;background-color:var( --e-global-color-primary );border-radius:0px 0px 0px 0px;}.elementor-4232 .elementor-element.elementor-element-1154674b .jeg-elementor-kit.jkit-button .jkit-button-wrapper svg{fill:#FFFFFF;}.elementor-4232 .elementor-element.elementor-element-1154674b .jeg-elementor-kit.jkit-button .jkit-button-wrapper:not(.hover-gradient):hover, .elementor-4232 .elementor-element.elementor-element-1154674b .jeg-elementor-kit.jkit-button .jkit-button-wrapper.hover-gradient:before{background-color:var( --e-global-color-2be9552 );}.elementor-4232 .elementor-element.elementor-element-1154674b .jeg-elementor-kit.jkit-button .jkit-button-wrapper:hover{border-radius:0px 0px 0px 0px;}.elementor-4232 .elementor-element.elementor-element-1154674b .jeg-elementor-kit.jkit-button.icon-position-before .jkit-button-wrapper i, .elementor-4232 .elementor-element.elementor-element-1154674b .jeg-elementor-kit.jkit-button.icon-position-before .jkit-button-wrapper svg{margin-right:5px;}.elementor-4232 .elementor-element.elementor-element-1154674b .jeg-elementor-kit.jkit-button.icon-position-after .jkit-button-wrapper i, .elementor-4232 .elementor-element.elementor-element-1154674b .jeg-elementor-kit.jkit-button.icon-position-after .jkit-button-wrapper svg{margin-left:5px;}@media(max-width:1024px) and (min-width:768px){.elementor-4232 .elementor-element.elementor-element-54d494db{width:100%;}}@media(max-width:1024px){.elementor-4232 .elementor-element.elementor-element-7bf749ff{padding:80px 0px 80px 0px;}.elementor-4232 .elementor-element.elementor-element-28fea484 .jeg-elementor-kit.jkit-heading .heading-section-description{max-width:70%;font-size:var( --e-global-typography-text-font-size );line-height:var( --e-global-typography-text-line-height );}.elementor-4232 .elementor-element.elementor-element-28fea484 .jeg-elementor-kit.jkit-heading .heading-title{font-size:var( --e-global-typography-primary-font-size );line-height:var( --e-global-typography-primary-line-height );}.elementor-4232 .elementor-element.elementor-element-28fea484 .jeg-elementor-kit.jkit-heading .heading-section-subtitle{font-size:var( --e-global-typography-secondary-font-size );line-height:var( --e-global-typography-secondary-line-height );}.elementor-4232 .elementor-element.elementor-element-1154674b .jeg-elementor-kit.jkit-button .jkit-button-wrapper{font-size:var( --e-global-typography-30bf383-font-size );line-height:var( --e-global-typography-30bf383-line-height );letter-spacing:var( --e-global-typography-30bf383-letter-spacing );word-spacing:var( --e-global-typography-30bf383-word-spacing );}}@media(max-width:767px){.elementor-4232 .elementor-element.elementor-element-7bf749ff{padding:50px 0px 50px 0px;}.elementor-4232 .elementor-element.elementor-element-28fea484 .jeg-elementor-kit.jkit-heading .heading-section-description{max-width:95%;font-size:var( --e-global-typography-text-font-size );line-height:var( --e-global-typography-text-line-height );}.elementor-4232 .elementor-element.elementor-element-28fea484 .jeg-elementor-kit.jkit-heading .heading-title{font-size:var( --e-global-typography-primary-font-size );line-height:var( --e-global-typography-primary-line-height );}.elementor-4232 .elementor-element.elementor-element-28fea484 .jeg-elementor-kit.jkit-heading .heading-section-subtitle{font-size:var( --e-global-typography-secondary-font-size );line-height:var( --e-global-typography-secondary-line-height );}.elementor-4232 .elementor-element.elementor-element-aefc612 > .elementor-widget-container{padding:25px 25px 25px 25px;}.elementor-4232 .elementor-element.elementor-element-75d567be{margin-top:0px;margin-bottom:0px;padding:50px 0px 50px 0px;}.elementor-4232 .elementor-element.elementor-element-54d494db{width:100%;}.elementor-4232 .elementor-element.elementor-element-54d494db > .elementor-element-populated{margin:0px 0px 0px 0px;--e-column-margin-right:0px;--e-column-margin-left:0px;padding:0px 0px 0px 0px;}.elementor-4232 .elementor-element.elementor-element-1154674b .jeg-elementor-kit.jkit-button .jkit-button-wrapper{font-size:var( --e-global-typography-30bf383-font-size );line-height:var( --e-global-typography-30bf383-line-height );letter-spacing:var( --e-global-typography-30bf383-letter-spacing );word-spacing:var( --e-global-typography-30bf383-word-spacing );}}<\/style>\t\t<div data-elementor-type=\"wp-page\" data-elementor-id=\"4232\" class=\"elementor elementor-4232 elementor-2581\" data-elementor-post-type=\"page\">\n\t\t\t\t\t\t<section class=\"elementor-section elementor-top-section elementor-element elementor-element-7bf749ff elementor-section-boxed elementor-section-height-default elementor-section-height-default\" data-id=\"7bf749ff\" data-element_type=\"section\" data-e-type=\"section\">\n\t\t\t\t\t\t<div class=\"elementor-container elementor-column-gap-no\">\n\t\t\t\t\t<div class=\"elementor-column elementor-col-100 elementor-top-column elementor-element elementor-element-22b3e1d4\" data-id=\"22b3e1d4\" data-element_type=\"column\" data-e-type=\"column\">\n\t\t\t<div class=\"elementor-widget-wrap elementor-element-populated\">\n\t\t\t\t\t\t<section class=\"elementor-section elementor-inner-section elementor-element elementor-element-3077bb30 elementor-section-boxed elementor-section-height-default elementor-section-height-default\" data-id=\"3077bb30\" data-element_type=\"section\" data-e-type=\"section\">\n\t\t\t\t\t\t<div class=\"elementor-container elementor-column-gap-no\">\n\t\t\t\t\t<div class=\"elementor-column elementor-col-100 elementor-inner-column elementor-element elementor-element-240efa1\" data-id=\"240efa1\" data-element_type=\"column\" data-e-type=\"column\">\n\t\t\t<div class=\"elementor-widget-wrap elementor-element-populated\">\n\t\t\t\t\t\t<div class=\"elementor-element elementor-element-28fea484 elementor-invisible elementor-widget elementor-widget-jkit_heading\" data-id=\"28fea484\" data-element_type=\"widget\" data-e-type=\"widget\" data-settings=\"{&quot;_animation&quot;:&quot;fadeInDown&quot;}\" data-widget_type=\"jkit_heading.default\">\n\t\t\t\t<div class=\"elementor-widget-container\">\n\t\t\t\t\t<div  class=\"jeg-elementor-kit jkit-heading  align-center align-tablet- align-mobile- jeg_module___69e45c79c5641\" ><div class=\"heading-section-title  display-inline-block\"><h1 class=\"heading-title\">Datenschutzerkl\u00e4rung<\/h1><\/div><div class=\"heading-section-description\"><\/div><\/div>\t\t\t\t<\/div>\n\t\t\t\t<\/div>\n\t\t\t\t<div class=\"elementor-element elementor-element-aefc612 elementor-widget elementor-widget-text-editor\" data-id=\"aefc612\" data-element_type=\"widget\" data-e-type=\"widget\" data-widget_type=\"text-editor.default\">\n\t\t\t\t<div class=\"elementor-widget-container\">\n\t\t\t\t\t\t\t\t\t<p class=\"p1\"><b>1. Allgemeine Hinweise<\/b><\/p>\n<p class=\"p1\">Der Schutz Ihrer personenbezogenen Daten ist uns ein wichtiges Anliegen. Wir bearbeiten Ihre Daten sorgf\u00e4ltig und in \u00dcbereinstimmung mit dem anwendbaren Datenschutzrecht, insbesondere: <\/p>\n<ul class=\"ul1\">\n<li class=\"li1\">dem Schweizer Datenschutzgesetz (DSG)<\/li>\n<li class=\"li1\">sowie \u2013 sofern anwendbar \u2013 der Datenschutz-Grundverordnung (DSGVO) der Europ\u00e4ischen Union<\/li>\n<\/ul>\n<p class=\"p1\">Diese Datenschutzerkl\u00e4rung informiert Sie dar\u00fcber, wie und zu welchen Zwecken wir personenbezogene Daten bearbeiten.<\/p>\n<p class=\"p2\"> <\/p>\n<p class=\"p1\"><b>2. Verantwortliche Stelle<\/b><\/p>\n<p class=\"p1\">GMP Bridge AG<br>c\/o Schweizerische Treuhandgesellschaft AG<br>Lange Gasse 15<br>4052 Basel<br>Schweiz<\/p>\n<p class=\"p1\">Email: <a href=\"mailto:contact@gmpbridge.com\"><span class=\"s1\">contact@gmpbridge.com<\/span><\/a><br>Phone: +49 1749575861<\/p>\n<p class=\"p1\">Vertretungsberechtigte Person: Felipe Fontanet<\/p>\n<p class=\"p2\"> <\/p>\n<p class=\"p1\"><b>3. Erhebung und Bearbeitung personenbezogener Daten<\/b><\/p>\n<p class=\"p1\">Wir bearbeiten personenbezogene Daten, die wir:<\/p>\n<ul class=\"ul1\">\n<li class=\"li1\">im Rahmen unserer Gesch\u00e4ftsbeziehung erhalten<\/li>\n<li class=\"li1\">\u00fcber unsere Website erfassen<\/li>\n<li class=\"li1\">von Ihnen freiwillig erhalten (z. B. via Kontaktformular oder E-Mail)<\/li>\n<\/ul>\n<p class=\"p1\">Zu den bearbeiteten Daten geh\u00f6ren insbesondere:<\/p>\n<ul class=\"ul1\">\n<li class=\"li1\">Name, Vorname<\/li>\n<li class=\"li1\">Firmenname<\/li>\n<li class=\"li1\">Kontaktdaten (E-Mail, Telefonnummer, Adresse)<\/li>\n<li class=\"li1\">Kommunikationsinhalte<\/li>\n<li class=\"li1\">technische Daten (z. B. IP-Adresse, Browsertyp, Betriebssystem)<\/li>\n<\/ul>\n<p class=\"p2\"> <\/p>\n<p class=\"p1\"><b>4. Zwecke der Datenbearbeitung<\/b><\/p>\n<p class=\"p1\">Wir bearbeiten Ihre Daten zu folgenden Zwecken:<\/p>\n<ul class=\"ul1\">\n<li class=\"li1\">Bereitstellung und Betrieb unserer Website<\/li>\n<li class=\"li1\">Kommunikation mit Ihnen<\/li>\n<li class=\"li1\">Bearbeitung von Anfragen<\/li>\n<li class=\"li1\">Vertragsanbahnung und -abwicklung<\/li>\n<li class=\"li1\">Verbesserung unserer Dienstleistungen und Inhalte<\/li>\n<li class=\"li1\">Marketing und Information (z. B. Newsletter, sofern eingewilligt)<\/li>\n<\/ul>\n<p class=\"p2\"> <\/p>\n<p class=\"p1\"><b>5. Rechtsgrundlagen (bei Anwendung der DSGVO)<\/b><\/p>\n<p class=\"p1\">Soweit die DSGVO anwendbar ist, st\u00fctzen wir die Datenbearbeitung insbesondere auf:<\/p>\n<ul class=\"ul1\">\n<li class=\"li1\">die Erf\u00fcllung eines Vertrags oder vorvertraglicher Massnahmen<\/li>\n<li class=\"li1\">Ihre Einwilligung<\/li>\n<li class=\"li1\">unsere berechtigten Interessen (z. B. Betrieb und Sicherheit der Website)<\/li>\n<\/ul>\n<p class=\"p2\"> <\/p>\n<p class=\"p1\"><b>6. Weitergabe von Daten<\/b><\/p>\n<p class=\"p1\">Wir geben personenbezogene Daten nur weiter, wenn:<\/p>\n<ul class=\"ul1\">\n<li class=\"li1\">dies zur Vertragserf\u00fcllung erforderlich ist<\/li>\n<li class=\"li1\">wir gesetzlich dazu verpflichtet sind<\/li>\n<li class=\"li1\">wir berechtigte Interessen verfolgen<\/li>\n<li class=\"li1\">Sie eingewilligt haben<\/li>\n<\/ul>\n<p class=\"p1\">Empf\u00e4nger k\u00f6nnen insbesondere sein:<\/p>\n<ul class=\"ul1\">\n<li class=\"li1\">IT- und Hosting-Dienstleister<\/li>\n<li class=\"li1\">Anbieter von Analyse- und Trackingdiensten<\/li>\n<\/ul>\n<p class=\"p2\"> <\/p>\n<p class=\"p1\"><b>7. Daten\u00fcbermittlung ins Ausland<\/b><\/p>\n<p class=\"p1\">Personenbezogene Daten k\u00f6nnen in L\u00e4nder ausserhalb der Schweiz bzw. des Europ\u00e4ischen Wirtschaftsraums \u00fcbermittelt werden (insbesondere in die USA).<\/p>\n<p class=\"p1\">In solchen F\u00e4llen stellen wir sicher, dass ein angemessenes Datenschutzniveau gew\u00e4hrleistet ist, insbesondere durch:<\/p>\n<ul class=\"ul1\">\n<li class=\"li1\">den Einsatz von Standardvertragsklauseln der Europ\u00e4ischen Kommission<\/li>\n<li class=\"li1\">oder andere geeignete Garantien gem\u00e4ss anwendbarem Datenschutzrecht<\/li>\n<\/ul>\n<p class=\"p2\"> <\/p>\n<p class=\"p1\"><b>8. Speicherdauer<\/b><\/p>\n<p class=\"p1\">Wir speichern personenbezogene Daten nur so lange, wie dies f\u00fcr die jeweiligen Zwecke erforderlich ist oder gesetzliche Aufbewahrungspflichten bestehen.<\/p>\n<p class=\"p2\"> <\/p>\n<p class=\"p1\"><b>9. Cookies und Tracking-Technologien<\/b><\/p>\n<p class=\"p1\">Unsere Website verwendet Cookies und \u00e4hnliche Technologien, um:<\/p>\n<ul class=\"ul1\">\n<li class=\"li1\">die Funktionalit\u00e4t der Website sicherzustellen<\/li>\n<li class=\"li1\">die Nutzung zu analysieren<\/li>\n<li class=\"li1\">unser Angebot zu verbessern<\/li>\n<\/ul>\n<p class=\"p1\">Beim erstmaligen Besuch unserer Website werden Sie \u00fcber ein Cookie-Banner um Ihre Einwilligung in die Verwendung nicht zwingend erforderlicher Cookies gebeten.<\/p>\n<p class=\"p1\">Sie k\u00f6nnen Ihre Cookie-Einstellungen jederzeit anpassen.<\/p>\n<p class=\"p2\"> <\/p>\n<p class=\"p1\"><b>10. Google Analytics<\/b><\/p>\n<p class=\"p1\">Diese Website verwendet Google Analytics, einen Webanalysedienst der Google LLC (USA).<\/p>\n<p class=\"p1\">Google Analytics verwendet Cookies, die eine Analyse der Benutzung der Website erm\u00f6glichen. Die dabei erzeugten Informationen k\u00f6nnen an Server von Google in den USA \u00fcbertragen werden. <\/p>\n<p class=\"p1\">Wir verwenden Google Analytics nur mit geeigneten Datenschutzgarantien, insbesondere Standardvertragsklauseln.<\/p>\n<p class=\"p1\">Sie k\u00f6nnen die Speicherung der Cookies durch eine entsprechende Einstellung Ihrer Browser-Software verhindern.<\/p>\n<p class=\"p2\"> <\/p>\n<p class=\"p1\"><b>11. Datensicherheit<\/b><\/p>\n<p class=\"p1\">Wir treffen angemessene technische und organisatorische Sicherheitsmassnahmen, um Ihre Daten vor unbefugtem Zugriff, Verlust oder Missbrauch zu sch\u00fctzen.<\/p>\n<p class=\"p2\"> <\/p>\n<p class=\"p1\"><b>12. Rechte der betroffenen Personen<\/b><\/p>\n<p class=\"p1\">Sie haben im Rahmen des anwendbaren Datenschutzrechts folgende Rechte:<\/p>\n<ul class=\"ul1\">\n<li class=\"li1\">Auskunft \u00fcber Ihre gespeicherten Daten<\/li>\n<li class=\"li1\">Berichtigung unrichtiger Daten<\/li>\n<li class=\"li1\">L\u00f6schung Ihrer Daten<\/li>\n<li class=\"li1\">Einschr\u00e4nkung der Bearbeitung<\/li>\n<li class=\"li1\">Widerspruch gegen die Datenbearbeitung<\/li>\n<li class=\"li1\">Daten\u00fcbertragbarkeit (sofern anwendbar)<\/li>\n<\/ul>\n<p class=\"p1\">Wenn Sie der Meinung sind, dass die Bearbeitung Ihrer Daten gegen geltendes Datenschutzrecht verst\u00f6sst, k\u00f6nnen Sie sich bei einer zust\u00e4ndigen Aufsichtsbeh\u00f6rde beschweren.<\/p>\n<p class=\"p1\">In der Schweiz ist dies:<\/p>\n<p class=\"p1\">Eidgen\u00f6ssischer Datenschutz- und \u00d6ffentlichkeitsbeauftragter (ED\u00d6B)<\/p>\n<p class=\"p1\">F\u00fcr betroffene Personen in der EU besteht zus\u00e4tzlich das Recht, sich bei einer Datenschutzaufsichtsbeh\u00f6rde ihres Wohnsitzstaates zu beschweren.<\/p>\n<p class=\"p2\"> <\/p>\n<p class=\"p1\"><b>13. \u00c4nderungen<\/b><\/p>\n<p class=\"p1\">Wir behalten uns vor, diese Datenschutzerkl\u00e4rung jederzeit anzupassen. Es gilt jeweils die aktuelle, auf unserer Website ver\u00f6ffentlichte Version. <\/p>\n<p class=\"p2\"> <\/p>\n<p class=\"p1\"><b>14. Kontakt<\/b><\/p>\n<p class=\"p1\">Bei Fragen zum Datenschutz k\u00f6nnen Sie uns jederzeit kontaktieren:<\/p>\n<p class=\"p3\"><span class=\"s2\">Email: <a href=\"mailto:contact@gmpbridge.com\"><span class=\"s1\">contact@gmpbridge.com<\/span><\/a><\/span><\/p>\t\t\t\t\t\t\t\t<\/div>\n\t\t\t\t<\/div>\n\t\t\t\t\t<\/div>\n\t\t<\/div>\n\t\t\t\t\t<\/div>\n\t\t<\/section>\n\t\t\t\t\t<\/div>\n\t\t<\/div>\n\t\t\t\t\t<\/div>\n\t\t<\/section>\n\t\t\t\t<section class=\"elementor-section elementor-top-section elementor-element elementor-element-75d567be elementor-section-boxed elementor-section-height-default elementor-section-height-default\" data-id=\"75d567be\" data-element_type=\"section\" data-e-type=\"section\" data-settings=\"{&quot;background_background&quot;:&quot;classic&quot;}\">\n\t\t\t\t\t\t<div class=\"elementor-container elementor-column-gap-default\">\n\t\t\t\t\t<div class=\"elementor-column elementor-col-100 elementor-top-column elementor-element elementor-element-54d494db elementor-invisible\" data-id=\"54d494db\" data-element_type=\"column\" data-e-type=\"column\" data-settings=\"{&quot;animation&quot;:&quot;fadeInUp&quot;,&quot;animation_delay&quot;:&quot;100&quot;}\">\n\t\t\t<div class=\"elementor-widget-wrap elementor-element-populated\">\n\t\t\t\t\t\t<div class=\"elementor-element elementor-element-1154674b elementor-widget elementor-widget-jkit_button\" data-id=\"1154674b\" data-element_type=\"widget\" data-e-type=\"widget\" data-widget_type=\"jkit_button.default\">\n\t\t\t\t<div class=\"elementor-widget-container\">\n\t\t\t\t\t<div  class=\"jeg-elementor-kit jkit-button  icon-position-before jeg_module__1_69e45c79c6d87\" ><a href=\"https:\/\/gmpbridge.com\/de\/\" class=\"jkit-button-wrapper\">KONTAKTIEREN SIE UNS<\/a><\/div>\t\t\t\t<\/div>\n\t\t\t\t<\/div>\n\t\t\t\t\t<\/div>\n\t\t<\/div>\n\t\t\t\t\t<\/div>\n\t\t<\/section>\n\t\t\t\t<\/div>\n\t\t","protected":false},"excerpt":{"rendered":"<p>Datenschutzerkl\u00e4rung 1. Allgemeine Hinweise Der Schutz Ihrer personenbezogenen Daten ist uns ein wichtiges Anliegen. Wir bearbeiten Ihre Daten sorgf\u00e4ltig und in \u00dcbereinstimmung mit dem anwendbaren Datenschutzrecht, insbesondere: dem Schweizer Datenschutzgesetz (DSG) sowie \u2013 sofern anwendbar \u2013 der Datenschutz-Grundverordnung (DSGVO) der Europ\u00e4ischen Union Diese Datenschutzerkl\u00e4rung informiert Sie dar\u00fcber, wie und zu welchen Zwecken wir personenbezogene Daten [&hellip;]<\/p>\n","protected":false},"author":3,"featured_media":0,"parent":0,"menu_order":0,"comment_status":"closed","ping_status":"closed","template":"elementor_header_footer","meta":{"footnotes":""},"class_list":["post-4232","page","type-page","status-publish","hentry"],"_links":{"self":[{"href":"https:\/\/gmpbridge.com\/de\/wp-json\/wp\/v2\/pages\/4232","targetHints":{"allow":["GET"]}}],"collection":[{"href":"https:\/\/gmpbridge.com\/de\/wp-json\/wp\/v2\/pages"}],"about":[{"href":"https:\/\/gmpbridge.com\/de\/wp-json\/wp\/v2\/types\/page"}],"author":[{"embeddable":true,"href":"https:\/\/gmpbridge.com\/de\/wp-json\/wp\/v2\/users\/3"}],"replies":[{"embeddable":true,"href":"https:\/\/gmpbridge.com\/de\/wp-json\/wp\/v2\/comments?post=4232"}],"version-history":[{"count":3,"href":"https:\/\/gmpbridge.com\/de\/wp-json\/wp\/v2\/pages\/4232\/revisions"}],"predecessor-version":[{"id":4235,"href":"https:\/\/gmpbridge.com\/de\/wp-json\/wp\/v2\/pages\/4232\/revisions\/4235"}],"wp:attachment":[{"href":"https:\/\/gmpbridge.com\/de\/wp-json\/wp\/v2\/media?parent=4232"}],"curies":[{"name":"wp","href":"https:\/\/api.w.org\/{rel}","templated":true}]}}